{"id":13,"date":"2026-02-25T10:46:39","date_gmt":"2026-02-25T10:46:39","guid":{"rendered":"https:\/\/karenw.ch\/?page_id=13"},"modified":"2026-02-25T10:50:29","modified_gmt":"2026-02-25T10:50:29","slug":"home","status":"publish","type":"page","link":"https:\/\/karenw.ch\/","title":{"rendered":"Home"},"content":{"rendered":"\t\t<div data-elementor-type=\"wp-page\" data-elementor-id=\"13\" class=\"elementor elementor-13\">\n\t\t\t\t<div class=\"elementor-element elementor-element-b3e3add e-con-full e-flex e-con e-parent\" data-id=\"b3e3add\" data-element_type=\"container\" data-e-type=\"container\">\n\t\t\t\t<div class=\"elementor-element elementor-element-95cd49b elementor-widget elementor-widget-html\" data-id=\"95cd49b\" data-element_type=\"widget\" data-e-type=\"widget\" data-widget_type=\"html.default\">\n\t\t\t\t\t<div class=\"candle-page\">\r\n\r\n  <!-- HERO -->\r\n  <section class=\"c-hero\">\r\n    <div class=\"c-hero__inner\">\r\n      <div class=\"c-hero__text\">\r\n        <span class=\"c-badge\">Handgemacht \u00b7 Pflanzliches Wachs<\/span>\r\n        <h1>Handgefertigte Kerzen<br><span>in sanften Pastellt\u00f6nen<\/span><\/h1>\r\n        <p>\r\n          Zarte D\u00fcfte, minimalistisches Design und eine warme, gem\u00fctliche Atmosph\u00e4re.\r\n          Perfekt als Geschenk oder f\u00fcr besondere Wohlf\u00fchlmomente zu Hause.\r\n        <\/p>\r\n\r\n        <div class=\"c-hero__cta\">\r\n          <a class=\"c-btn c-btn--primary\" href=\"#kollektion\">Kollektion entdecken<\/a>\r\n          <a class=\"c-btn c-btn--ghost\" href=\"#personalisieren\">Personalisieren<\/a>\r\n        <\/div>\r\n\r\n        <div class=\"c-trust\">\r\n          <div class=\"c-trust__item\">\r\n            <strong>+30 Std.<\/strong><span>Brenndauer<\/span>\r\n          <\/div>\r\n          <div class=\"c-trust__item\">\r\n            <strong>Vegan<\/strong><span>Pflanzliches Wachs<\/span>\r\n          <\/div>\r\n          <div class=\"c-trust__item\">\r\n            <strong>Raucharm<\/strong><span>Premium-Docht<\/span>\r\n          <\/div>\r\n        <\/div>\r\n      <\/div>\r\n\r\n      <div class=\"c-hero__media\">\r\n        <div class=\"c-card c-card--big\">\r\n          <div class=\"c-card__img c-img--1\"><\/div>\r\n          <div class=\"c-card__body\">\r\n            <h3>Vanille Brise<\/h3>\r\n            <p>Sanft, warm und cremig<\/p>\r\n            <div class=\"c-price\">Ab <strong>14,90\u20ac<\/strong><\/div>\r\n          <\/div>\r\n        <\/div>\r\n        <div class=\"c-float c-float--a\"><\/div>\r\n        <div class=\"c-float c-float--b\"><\/div>\r\n      <\/div>\r\n    <\/div>\r\n  <\/section>\r\n\r\n  <!-- FEATURES -->\r\n  <section class=\"c-section c-features\">\r\n    <div class=\"c-headline\">\r\n      <h2>Sch\u00f6nes Design trifft Verantwortung<\/h2>\r\n      <p>Ausgew\u00e4hlte Materialien und sanfte Pastellfarben f\u00fcr jedes Zuhause.<\/p>\r\n    <\/div>\r\n\r\n    <div class=\"c-grid3\">\r\n      <div class=\"c-feature\">\r\n        <div class=\"c-icon\">\ud83c\udf3f<\/div>\r\n        <h3>Pflanzliches Wachs<\/h3>\r\n        <p>Saubere Verbrennung und intensiver Duft.<\/p>\r\n      <\/div>\r\n      <div class=\"c-feature\">\r\n        <div class=\"c-icon\">\ud83d\udd6f\ufe0f<\/div>\r\n        <h3>Handgefertigt<\/h3>\r\n        <p>In kleinen Chargen mit viel Liebe zum Detail.<\/p>\r\n      <\/div>\r\n      <div class=\"c-feature\">\r\n        <div class=\"c-icon\">\ud83c\udf81<\/div>\r\n        <h3>Perfekt zum Verschenken<\/h3>\r\n        <p>Elegante Verpackung im minimalistischen Stil.<\/p>\r\n      <\/div>\r\n    <\/div>\r\n  <\/section>\r\n\r\n  <!-- COLLECTION -->\r\n  <section id=\"kollektion\" class=\"c-section c-collection\">\r\n    <div class=\"c-headline\">\r\n      <h2>Pastell-Kollektion<\/h2>\r\n      <p>W\u00e4hle deinen Lieblingsduft oder kombiniere mehrere als Set.<\/p>\r\n    <\/div>\r\n\r\n    <div class=\"c-grid4\">\r\n      <article class=\"c-product\">\r\n        <div class=\"c-product__img c-img--2\"><\/div>\r\n        <h3>Sanfte Lavendel<\/h3>\r\n        <p>Beruhigend \u00b7 Blumig<\/p>\r\n        <a class=\"c-link\" href=\"#\">Details ansehen \u2192<\/a>\r\n      <\/article>\r\n\r\n      <article class=\"c-product\">\r\n        <div class=\"c-product__img c-img--3\"><\/div>\r\n        <h3>Reine Baumwolle<\/h3>\r\n        <p>Frisch \u00b7 Klar<\/p>\r\n        <a class=\"c-link\" href=\"#\">Details ansehen \u2192<\/a>\r\n      <\/article>\r\n\r\n      <article class=\"c-product\">\r\n        <div class=\"c-product__img c-img--4\"><\/div>\r\n        <h3>Puderrosa<\/h3>\r\n        <p>Elegant \u00b7 Zart<\/p>\r\n        <a class=\"c-link\" href=\"#\">Details ansehen \u2192<\/a>\r\n      <\/article>\r\n\r\n      <article class=\"c-product\">\r\n        <div class=\"c-product__img c-img--5\"><\/div>\r\n        <h3>Wei\u00dfe Zitrusnoten<\/h3>\r\n        <p>Leicht \u00b7 Belebend<\/p>\r\n        <a class=\"c-link\" href=\"#\">Details ansehen \u2192<\/a>\r\n      <\/article>\r\n    <\/div>\r\n  <\/section>\r\n\r\n  <!-- CUSTOM -->\r\n  <section id=\"personalisieren\" class=\"c-section c-custom\">\r\n    <div class=\"c-custom__inner\">\r\n      <div>\r\n        <h2>Individuelle Kerzen gestalten<\/h2>\r\n        <p>\r\n          W\u00e4hle Duft, Pastellfarbe und Etikett. Ideal f\u00fcr Hochzeiten,\r\n          Events oder als stilvolles Markengeschenk.\r\n        <\/p>\r\n        <ul class=\"c-list\">\r\n          <li>\u2714 Etikett mit Namen oder Logo<\/li>\r\n          <li>\u2714 Geschenksets & Event-Pakete<\/li>\r\n          <li>\u2714 Produktion in kleinen St\u00fcckzahlen<\/li>\r\n        <\/ul>\r\n\r\n        <div class=\"c-hero__cta\">\r\n          <a class=\"c-btn c-btn--primary\" href=\"#kontakt\">Angebot anfragen<\/a>\r\n          <a class=\"c-btn c-btn--ghost\" href=\"#faq\">Mehr erfahren<\/a>\r\n        <\/div>\r\n      <\/div>\r\n\r\n      <div class=\"c-custom__card\">\r\n        <h3>Beliebte D\u00fcfte<\/h3>\r\n        <div class=\"c-tags\">\r\n          <span>Vanille<\/span><span>Lavendel<\/span><span>Jasmin<\/span>\r\n          <span>Baumwolle<\/span><span>Zitrus<\/span><span>Amber<\/span>\r\n        <\/div>\r\n        <div class=\"c-note\">\r\n          \u00dcbliche Lieferzeit: <strong>5\u201310 Tage<\/strong> (je nach Menge).\r\n        <\/div>\r\n      <\/div>\r\n    <\/div>\r\n  <\/section>\r\n\r\n  <!-- FAQ -->\r\n  <section id=\"faq\" class=\"c-section c-faq\">\r\n    <div class=\"c-headline\">\r\n      <h2>H\u00e4ufige Fragen<\/h2>\r\n      <p>Schnelle Antworten auf die wichtigsten Fragen.<\/p>\r\n    <\/div>\r\n\r\n    <div class=\"c-accordion\">\r\n      <details>\r\n        <summary>Wie lange brennt eine Kerze?<\/summary>\r\n        <p>Je nach Gr\u00f6\u00dfe zwischen 25 und 45 Stunden.<\/p>\r\n      <\/details>\r\n      <details>\r\n        <summary>Sind die Kerzen f\u00fcr Innenr\u00e4ume geeignet?<\/summary>\r\n        <p>Ja, dank hochwertiger Dochte und pflanzlichem Wachs. Bitte stets gut l\u00fcften.<\/p>\r\n      <\/details>\r\n      <details>\r\n        <summary>Gibt es Mengenrabatte f\u00fcr Events?<\/summary>\r\n        <p>Ja, wir erstellen individuelle Angebote f\u00fcr gr\u00f6\u00dfere Bestellungen.<\/p>\r\n      <\/details>\r\n    <\/div>\r\n  <\/section>\r\n\r\n  <!-- CONTACT -->\r\n  <section id=\"kontakt\" class=\"c-section c-contact\">\r\n    <div class=\"c-contact__inner\">\r\n      <h2>Kontakt aufnehmen<\/h2>\r\n      <p>Schreib uns \u2013 wir beraten dich gerne pers\u00f6nlich.<\/p>\r\n      <div class=\"c-contact__actions\">\r\n        <a class=\"c-btn c-btn--primary\" href=\"mailto:info@deinedomain.de\">E-Mail senden<\/a>\r\n        <a class=\"c-btn c-btn--ghost\" href=\"tel:+49123456789\">Anrufen<\/a>\r\n      <\/div>\r\n      <small class=\"c-small\">E-Mail-Adresse und Telefonnummer bitte anpassen.<\/small>\r\n    <\/div>\r\n  <\/section>\r\n\r\n<\/div>\r\n<style>\r\n    \/* ===== Pastel Candle Landing (Elementor-friendly) ===== *\/\r\n.candle-page{\r\n  --bg: #fbfbfe;\r\n  --ink: #1f2a37;\r\n  --muted: #5b6b7c;\r\n\r\n  --p1:#fde2e4; \/* pastel pink *\/\r\n  --p2:#e2f0ff; \/* pastel blue *\/\r\n  --p3:#e7f7ef; \/* pastel mint *\/\r\n  --p4:#fff1d6; \/* pastel peach *\/\r\n  --card:#ffffff;\r\n\r\n  --shadow: 0 18px 45px rgba(16,24,40,.10);\r\n  --shadow2: 0 10px 25px rgba(16,24,40,.08);\r\n  --radius: 18px;\r\n\r\n  font-family: system-ui, -apple-system, Segoe UI, Roboto, Arial, sans-serif;\r\n  color: var(--ink);\r\n}\r\n\r\n.candle-page a{ text-decoration:none; }\r\n.candle-page *{ box-sizing:border-box; }\r\n\r\n.c-section{\r\n  max-width: 1140px;\r\n  margin: 0 auto;\r\n  padding: 54px 18px;\r\n}\r\n\r\n.c-hero{\r\n  background:\r\n    radial-gradient(1000px 500px at 15% 10%, var(--p2), transparent 55%),\r\n    radial-gradient(900px 600px at 85% 15%, var(--p1), transparent 60%),\r\n    radial-gradient(700px 500px at 70% 90%, var(--p3), transparent 55%),\r\n    linear-gradient(180deg, var(--bg), #ffffff);\r\n  padding: 56px 0 28px;\r\n}\r\n\r\n.c-hero__inner{\r\n  max-width: 1140px;\r\n  margin: 0 auto;\r\n  padding: 0 18px;\r\n  display: grid;\r\n  grid-template-columns: 1.1fr .9fr;\r\n  gap: 28px;\r\n  align-items: center;\r\n}\r\n\r\n.c-badge{\r\n  display:inline-flex;\r\n  padding: 8px 12px;\r\n  background: rgba(255,255,255,.7);\r\n  border: 1px solid rgba(31,42,55,.08);\r\n  border-radius: 999px;\r\n  font-size: 12px;\r\n  color: var(--muted);\r\n  backdrop-filter: blur(6px);\r\n}\r\n\r\n.c-hero h1{\r\n  margin: 14px 0 10px;\r\n  line-height: 1.05;\r\n  font-size: clamp(34px, 4vw, 56px);\r\n  letter-spacing: -0.02em;\r\n}\r\n.c-hero h1 span{ color: #2b3a4a; }\r\n\r\n.c-hero p{\r\n  margin: 0 0 18px;\r\n  color: var(--muted);\r\n  font-size: 16px;\r\n  line-height: 1.55;\r\n  max-width: 52ch;\r\n}\r\n\r\n.c-hero__cta{\r\n  display:flex;\r\n  gap: 10px;\r\n  flex-wrap: wrap;\r\n  margin: 14px 0 16px;\r\n}\r\n\r\n.c-btn{\r\n  display:inline-flex;\r\n  align-items:center;\r\n  justify-content:center;\r\n  height: 44px;\r\n  padding: 0 16px;\r\n  border-radius: 12px;\r\n  font-weight: 600;\r\n  font-size: 14px;\r\n  transition: transform .08s ease, box-shadow .15s ease, background .15s ease;\r\n}\r\n.c-btn:active{ transform: translateY(1px); }\r\n\r\n.c-btn--primary{\r\n  background: #2b3a4a;\r\n  color: #fff;\r\n  box-shadow: var(--shadow2);\r\n}\r\n.c-btn--primary:hover{ box-shadow: var(--shadow); }\r\n\r\n.c-btn--ghost{\r\n  background: rgba(255,255,255,.65);\r\n  color: #2b3a4a;\r\n  border: 1px solid rgba(31,42,55,.10);\r\n}\r\n\r\n.c-trust{\r\n  display:flex;\r\n  gap: 12px;\r\n  flex-wrap: wrap;\r\n  margin-top: 10px;\r\n}\r\n.c-trust__item{\r\n  background: rgba(255,255,255,.65);\r\n  border: 1px solid rgba(31,42,55,.08);\r\n  border-radius: 14px;\r\n  padding: 10px 12px;\r\n  min-width: 130px;\r\n  box-shadow: 0 6px 18px rgba(16,24,40,.06);\r\n}\r\n.c-trust__item strong{\r\n  display:block;\r\n  font-size: 16px;\r\n}\r\n.c-trust__item span{\r\n  font-size: 12px;\r\n  color: var(--muted);\r\n}\r\n\r\n.c-hero__media{\r\n  position: relative;\r\n  min-height: 360px;\r\n  display:flex;\r\n  align-items:center;\r\n  justify-content:center;\r\n}\r\n\r\n.c-card{\r\n  width: 100%;\r\n  max-width: 420px;\r\n  background: rgba(255,255,255,.75);\r\n  border: 1px solid rgba(31,42,55,.08);\r\n  border-radius: var(--radius);\r\n  overflow:hidden;\r\n  box-shadow: var(--shadow);\r\n  backdrop-filter: blur(8px);\r\n}\r\n\r\n.c-card__img{\r\n  height: 220px;\r\n  background-size: cover;\r\n  background-position: center;\r\n}\r\n.c-card__body{ padding: 14px 16px 16px; }\r\n.c-card__body h3{ margin: 0 0 4px; }\r\n.c-card__body p{ margin: 0 0 10px; color: var(--muted); font-size: 13px; }\r\n.c-price{ color: var(--muted); font-size: 13px; }\r\n\r\n.c-float{\r\n  position:absolute;\r\n  width: 110px;\r\n  height: 110px;\r\n  border-radius: 28px;\r\n  filter: blur(0px);\r\n  opacity: .9;\r\n  box-shadow: 0 12px 30px rgba(16,24,40,.10);\r\n}\r\n.c-float--a{ background: var(--p4); left: 4%; top: 18%; transform: rotate(10deg); }\r\n.c-float--b{ background: var(--p3); right: 6%; bottom: 10%; transform: rotate(-8deg); }\r\n\r\n\/* Fake \u201cimages\u201d using gradients (replace with real images if you want) *\/\r\n.c-img--1{ background-image: radial-gradient(circle at 30% 30%, #ffffff, rgba(255,255,255,.0) 60%), linear-gradient(135deg, var(--p1), var(--p2)); }\r\n.c-img--2{ background-image: linear-gradient(135deg, var(--p3), var(--p2)); }\r\n.c-img--3{ background-image: linear-gradient(135deg, var(--p2), #ffffff); }\r\n.c-img--4{ background-image: linear-gradient(135deg, var(--p1), var(--p4)); }\r\n.c-img--5{ background-image: linear-gradient(135deg, var(--p4), var(--p2)); }\r\n\r\n.c-headline{\r\n  text-align:center;\r\n  margin-bottom: 22px;\r\n}\r\n.c-headline h2{\r\n  margin: 0 0 8px;\r\n  font-size: 28px;\r\n  letter-spacing: -0.02em;\r\n}\r\n.c-headline p{\r\n  margin: 0 auto;\r\n  max-width: 70ch;\r\n  color: var(--muted);\r\n}\r\n\r\n.c-grid3, .c-grid4{\r\n  display:grid;\r\n  gap: 14px;\r\n}\r\n.c-grid3{ grid-template-columns: repeat(3, 1fr); }\r\n.c-grid4{ grid-template-columns: repeat(4, 1fr); }\r\n\r\n.c-feature, .c-product{\r\n  background: var(--card);\r\n  border: 1px solid rgba(31,42,55,.08);\r\n  border-radius: var(--radius);\r\n  padding: 16px;\r\n  box-shadow: 0 8px 18px rgba(16,24,40,.06);\r\n}\r\n\r\n.c-icon{\r\n  width: 44px;\r\n  height: 44px;\r\n  border-radius: 14px;\r\n  display:flex;\r\n  align-items:center;\r\n  justify-content:center;\r\n  background: rgba(226,240,255,.65);\r\n  margin-bottom: 10px;\r\n  font-size: 20px;\r\n}\r\n\r\n.c-feature h3, .c-product h3{ margin: 0 0 6px; }\r\n.c-feature p, .c-product p{ margin: 0 0 10px; color: var(--muted); font-size: 13px; }\r\n\r\n.c-product__img{\r\n  height: 130px;\r\n  border-radius: 14px;\r\n  margin-bottom: 12px;\r\n  background-size: cover;\r\n  background-position: center;\r\n}\r\n\r\n.c-link{\r\n  display:inline-flex;\r\n  font-weight: 600;\r\n  color: #2b3a4a;\r\n  padding-top: 4px;\r\n}\r\n\r\n.c-custom{\r\n  background:\r\n    radial-gradient(900px 500px at 15% 50%, var(--p3), transparent 60%),\r\n    radial-gradient(900px 500px at 85% 30%, var(--p4), transparent 60%);\r\n}\r\n\r\n.c-custom__inner{\r\n  max-width: 1140px;\r\n  margin: 0 auto;\r\n  padding: 0 18px;\r\n  display:grid;\r\n  grid-template-columns: 1.2fr .8fr;\r\n  gap: 14px;\r\n}\r\n\r\n.c-list{\r\n  margin: 12px 0 0;\r\n  padding-left: 0;\r\n  list-style:none;\r\n  color: var(--muted);\r\n}\r\n.c-list li{ margin: 6px 0; }\r\n\r\n.c-custom__card{\r\n  background: rgba(255,255,255,.75);\r\n  border: 1px solid rgba(31,42,55,.08);\r\n  border-radius: var(--radius);\r\n  padding: 16px;\r\n  box-shadow: var(--shadow2);\r\n  backdrop-filter: blur(6px);\r\n}\r\n.c-tags{\r\n  display:flex;\r\n  flex-wrap:wrap;\r\n  gap: 8px;\r\n  margin: 10px 0 12px;\r\n}\r\n.c-tags span{\r\n  background: rgba(226,240,255,.55);\r\n  border: 1px solid rgba(31,42,55,.08);\r\n  padding: 7px 10px;\r\n  border-radius: 999px;\r\n  font-size: 12px;\r\n  color: #2b3a4a;\r\n}\r\n\r\n.c-note{\r\n  background: rgba(253,226,228,.55);\r\n  border: 1px solid rgba(31,42,55,.08);\r\n  border-radius: 14px;\r\n  padding: 10px 12px;\r\n  color: #2b3a4a;\r\n  font-size: 13px;\r\n}\r\n\r\n.c-accordion{\r\n  max-width: 900px;\r\n  margin: 0 auto;\r\n  display:grid;\r\n  gap: 10px;\r\n}\r\n.c-accordion details{\r\n  background: var(--card);\r\n  border: 1px solid rgba(31,42,55,.08);\r\n  border-radius: 14px;\r\n  padding: 12px 14px;\r\n  box-shadow: 0 8px 16px rgba(16,24,40,.05);\r\n}\r\n.c-accordion summary{\r\n  cursor:pointer;\r\n  font-weight: 700;\r\n}\r\n.c-accordion p{\r\n  color: var(--muted);\r\n  margin: 10px 0 0;\r\n}\r\n\r\n.c-contact{\r\n  padding-bottom: 70px;\r\n}\r\n.c-contact__inner{\r\n  max-width: 980px;\r\n  margin: 0 auto;\r\n  text-align:center;\r\n  background: rgba(255,255,255,.7);\r\n  border: 1px solid rgba(31,42,55,.08);\r\n  border-radius: var(--radius);\r\n  padding: 22px;\r\n  box-shadow: var(--shadow2);\r\n}\r\n.c-contact__actions{\r\n  display:flex;\r\n  gap: 10px;\r\n  justify-content:center;\r\n  flex-wrap: wrap;\r\n  margin-top: 12px;\r\n}\r\n.c-small{ display:block; margin-top: 10px; color: var(--muted); }\r\n\r\n\/* Responsive *\/\r\n@media (max-width: 980px){\r\n  .c-hero__inner{ grid-template-columns: 1fr; }\r\n  .c-custom__inner{ grid-template-columns: 1fr; }\r\n  .c-grid4{ grid-template-columns: repeat(2, 1fr); }\r\n  .c-grid3{ grid-template-columns: 1fr; }\r\n}\r\n    \r\n<\/style>\r\n\t\t\t\t<\/div>\n\t\t\t\t<\/div>\n\t\t\t\t<\/div>\n\t\t","protected":false},"excerpt":{"rendered":"<p>Handgemacht \u00b7 Pflanzliches Wachs Handgefertigte Kerzenin sanften Pastellt\u00f6nen Zarte D\u00fcfte, minimalistisches Design und eine warme, gem\u00fctliche Atmosph\u00e4re. Perfekt als Geschenk oder f\u00fcr besondere Wohlf\u00fchlmomente zu Hause. Kollektion entdecken Personalisieren +30 Std.Brenndauer VeganPflanzliches Wachs RaucharmPremium-Docht Vanille Brise Sanft, warm und cremig Ab 14,90\u20ac Sch\u00f6nes Design trifft Verantwortung Ausgew\u00e4hlte Materialien und sanfte Pastellfarben f\u00fcr jedes Zuhause. \ud83c\udf3f&#8230;<\/p>\n","protected":false},"author":1,"featured_media":0,"parent":0,"menu_order":0,"comment_status":"closed","ping_status":"closed","template":"","meta":{"_kad_post_transparent":"","_kad_post_title":"hide","_kad_post_layout":"fullwidth","_kad_post_sidebar_id":"","_kad_post_content_style":"unboxed","_kad_post_vertical_padding":"hide","_kad_post_feature":"hide","_kad_post_feature_position":"","_kad_post_header":false,"_kad_post_footer":false,"_kad_post_classname":"","footnotes":""},"class_list":["post-13","page","type-page","status-publish","hentry"],"_links":{"self":[{"href":"https:\/\/karenw.ch\/index.php?rest_route=\/wp\/v2\/pages\/13","targetHints":{"allow":["GET"]}}],"collection":[{"href":"https:\/\/karenw.ch\/index.php?rest_route=\/wp\/v2\/pages"}],"about":[{"href":"https:\/\/karenw.ch\/index.php?rest_route=\/wp\/v2\/types\/page"}],"author":[{"embeddable":true,"href":"https:\/\/karenw.ch\/index.php?rest_route=\/wp\/v2\/users\/1"}],"replies":[{"embeddable":true,"href":"https:\/\/karenw.ch\/index.php?rest_route=%2Fwp%2Fv2%2Fcomments&post=13"}],"version-history":[{"count":5,"href":"https:\/\/karenw.ch\/index.php?rest_route=\/wp\/v2\/pages\/13\/revisions"}],"predecessor-version":[{"id":25,"href":"https:\/\/karenw.ch\/index.php?rest_route=\/wp\/v2\/pages\/13\/revisions\/25"}],"wp:attachment":[{"href":"https:\/\/karenw.ch\/index.php?rest_route=%2Fwp%2Fv2%2Fmedia&parent=13"}],"curies":[{"name":"wp","href":"https:\/\/api.w.org\/{rel}","templated":true}]}}